{"id":171,"date":"2023-03-05T18:56:52","date_gmt":"2023-03-05T15:56:52","guid":{"rendered":"https:\/\/www.jouan.gr\/?post_type=product&#038;p=171"},"modified":"2023-03-05T18:57:01","modified_gmt":"2023-03-05T15:57:01","slug":"kretzer-%cf%88%ce%b1%ce%bb%ce%af%ce%b4%ce%b9-finny-73225-%ce%b2%ce%b9%ce%bf%ce%bc%ce%b7%cf%87%ce%b1%ce%bd%ce%b9%ce%ba%cf%8c-%ce%b1%ce%ba%cf%81%ce%b9%ce%b2%ce%b5%ce%af%ce%b1%cf%82-%ce%bb%ce%b1%cf%83","status":"publish","type":"product","link":"https:\/\/www.jouan.gr\/?product=kretzer-%cf%88%ce%b1%ce%bb%ce%af%ce%b4%ce%b9-finny-73225-%ce%b2%ce%b9%ce%bf%ce%bc%ce%b7%cf%87%ce%b1%ce%bd%ce%b9%ce%ba%cf%8c-%ce%b1%ce%ba%cf%81%ce%b9%ce%b2%ce%b5%ce%af%ce%b1%cf%82-%ce%bb%ce%b1%cf%83","title":{"rendered":"Kretzer \u03a8\u03b1\u03bb\u03af\u03b4\u03b9 Finny 73225 \u0392\u03b9\u03bf\u03bc\u03b7\u03c7\u03b1\u03bd\u03b9\u03ba\u03cc, \u0391\u03ba\u03c1\u03b9\u03b2\u03b5\u03af\u03b1\u03c2, (\u039b\u03b1\u03c3\u03c4\u03b9\u03c7\u03ad\u03bd\u03b9\u03b1 \u03a7\u03b5\u03b9\u03c1\u03bf\u03bb\u03b1\u03b2\u03ae) 25cm"},"content":{"rendered":"<p>\u03a8\u03b1\u03bb\u03af\u03b4\u03b9 \u03c3\u03c5\u03bc\u03c0\u03b1\u03b3\u03ad\u03c2, \u03c3\u03c4\u03b9\u03b2\u03b1\u03c1\u03ae\u03c2 \u03c3\u03c7\u03b5\u03b4\u03af\u03b1\u03c3\u03b7\u03c2 \u03bc\u03b5 \u03bc\u03b5\u03b3\u03ac\u03bb\u03b5\u03c2 \u03bb\u03b1\u03b2\u03ad\u03c2 \u03b3\u03b9\u03b1 \u03b5\u03cd\u03ba\u03bf\u03bb\u03b7 \u03bb\u03b5\u03b9\u03c4\u03bf\u03c5\u03c1\u03b3\u03af\u03b1 \u03b1\u03ba\u03cc\u03bc\u03b1 \u03ba\u03b1\u03b9 \u03bc\u03b5 \u03b3\u03ac\u03bd\u03c4\u03b9\u03b1.<br \/>\n\u03a0\u03c1\u03bf\u03ad\u03bb\u03b5\u03c5\u03c3\u03b7 \u0393\u03b5\u03c1\u03bc\u03b1\u03bd\u03af\u03b1<\/p>\n","protected":false},"excerpt":{"rendered":"<p>\u00ce\u00a8\u00ce\u00b1\u00ce\u00bb\u00ce\u00b9\u00ce\u00b4\u00ce\u00ac\u00ce\u00ba\u00ce\u00b9 \u00ce\u00bc\u00ce\u00b5\u00cf\u201e\u00ce\u00b1\u00ce\u00bb\u00ce\u00bb\u00ce\u00b9\u00ce\u00ba\u00cf\u0152 \u00ce\u00ac\u00cf\u0081\u00ce\u00b9\u00cf\u0192\u00cf\u201e\u00ce\u00b7\u00cf\u201a \u00cf\u20ac\u00ce\u00bf\u00ce\u00b9\u00cf\u0152\u00cf\u201e\u00ce\u00b7\u00cf\u201e\u00ce\u00b1\u00cf\u201a \u00ce\u00bc\u00ce\u00b5 \u00ce\u00b5\u00cf\u0081\u00ce\u00b3\u00ce\u00bf\u00ce\u00bd\u00ce\u00bf\u00ce\u00bc\u00ce\u00b9\u00ce\u00ba\u00ce\u00ae \u00ce\u00bb\u00ce\u00b1\u00ce\u00b2\u00ce\u00ae \u00ce\u00ba\u00ce\u00b1\u00ce\u00b9 \u00ce\u00bc\u00cf\u0152\u00ce\u00bd\u00cf\u2030\u00cf\u0192\u00ce\u00b7, \u00ce\u00ba\u00ce\u00b1\u00cf\u201e\u00ce\u00ac\u00ce\u00bb\u00ce\u00bb\u00ce\u00b7\u00ce\u00bb\u00ce\u00bf \u00ce\u00b3\u00ce\u00b9\u00ce\u00b1 \u00ce\u00bc\u00ce\u00b9\u00ce\u00ba\u00cf\u0081\u00ce\u00bf\u00ce\u00ba\u00ce\u00bf\u00cf\u02c6\u00ce\u00af\u00ce\u00bc\u00ce\u00b1\u00cf\u201e\u00ce\u00b1 \u00ce\u00ba\u00ce\u00b1\u00ce\u00b9 \u00ce\u00be\u00ce\u00b7\u00ce\u00bb\u00cf\u017d\u00ce\u00bc\u00ce\u00b1\u00cf\u201e\u00ce\u00b1.<\/p>\n<p>\u00ce\u201d\u00ce\u00b9\u00ce\u00b1\u00cf\u0192\u00cf\u201e\u00ce\u00ac\u00cf\u0192\u00ce\u00b5\u00ce\u00b9\u00cf\u201a 10cm<\/p>\n","protected":false},"featured_media":201,"comment_status":"open","ping_status":"closed","template":"","meta":{"inline_featured_image":false},"product_cat":[38,43],"product_tag":[],"_links":{"self":[{"href":"https:\/\/www.jouan.gr\/index.php?rest_route=\/wp\/v2\/product\/171"}],"collection":[{"href":"https:\/\/www.jouan.gr\/index.php?rest_route=\/wp\/v2\/product"}],"about":[{"href":"https:\/\/www.jouan.gr\/index.php?rest_route=\/wp\/v2\/types\/product"}],"replies":[{"embeddable":true,"href":"https:\/\/www.jouan.gr\/index.php?rest_route=%2Fwp%2Fv2%2Fcomments&post=171"}],"wp:featuredmedia":[{"embeddable":true,"href":"https:\/\/www.jouan.gr\/index.php?rest_route=\/wp\/v2\/media\/201"}],"wp:attachment":[{"href":"https:\/\/www.jouan.gr\/index.php?rest_route=%2Fwp%2Fv2%2Fmedia&parent=171"}],"wp:term":[{"taxonomy":"product_cat","embeddable":true,"href":"https:\/\/www.jouan.gr\/index.php?rest_route=%2Fwp%2Fv2%2Fproduct_cat&post=171"},{"taxonomy":"product_tag","embeddable":true,"href":"https:\/\/www.jouan.gr\/index.php?rest_route=%2Fwp%2Fv2%2Fproduct_tag&post=171"}],"curies":[{"name":"wp","href":"https:\/\/api.w.org\/{rel}","templated":true}]}}